{"id":828,"date":"2020-04-23T17:37:37","date_gmt":"2020-04-23T16:37:37","guid":{"rendered":"https:\/\/mb-advogados.pt\/?page_id=828"},"modified":"2020-04-24T10:38:09","modified_gmt":"2020-04-24T09:38:09","slug":"advogados","status":"publish","type":"page","link":"https:\/\/mb-advogados.pt\/en\/advogados\/","title":{"rendered":"Lawyers"},"content":{"rendered":"<p>[et_pb_section fb_built=&#8221;1&#8243; module_id=&#8221;advogados&#8221; _builder_version=&#8221;3.24.1&#8243; custom_margin=&#8221;||0px|&#8221; custom_padding=&#8221;||0px|&#8221; z_index_tablet=&#8221;500&#8243; box_shadow_horizontal_tablet=&#8221;0px&#8221; box_shadow_vertical_tablet=&#8221;0px&#8221; box_shadow_blur_tablet=&#8221;40px&#8221; box_shadow_spread_tablet=&#8221;0px&#8221;][et_pb_row _builder_version=&#8221;3.25&#8243; custom_padding=&#8221;||0px|&#8221; z_index_tablet=&#8221;500&#8243; box_shadow_horizontal_tablet=&#8221;0px&#8221; box_shadow_vertical_tablet=&#8221;0px&#8221; box_shadow_blur_tablet=&#8221;40px&#8221; box_shadow_spread_tablet=&#8221;0px&#8221;][et_pb_column type=&#8221;4_4&#8243; _builder_version=&#8221;3.25&#8243; custom_padding=&#8221;|||&#8221; custom_padding__hover=&#8221;|||&#8221;][et_pb_text admin_label=&#8221;Titulo + Texto  &#8211; h1 &#8211; Advogados na Equipa&#8221; _builder_version=&#8221;4.4.3&#8243; text_line_height=&#8221;1.4em&#8221; header_font=&#8221;Gill Sans MT|700||on|||||&#8221; header_text_align=&#8221;left&#8221; header_2_font=&#8221;|700||on|||||&#8221; header_2_text_align=&#8221;left&#8221; header_2_font_size=&#8221;30px&#8221; width_tablet=&#8221;100%&#8221; width_last_edited=&#8221;off|desktop&#8221; custom_margin=&#8221;||0px|&#8221; header_2_font_size_tablet=&#8221;26px&#8221; header_2_font_size_phone=&#8221;&#8221; header_2_font_size_last_edited=&#8221;on|desktop&#8221; z_index_tablet=&#8221;500&#8243; text_text_shadow_horizontal_length_tablet=&#8221;0px&#8221; text_text_shadow_vertical_length_tablet=&#8221;0px&#8221; text_text_shadow_blur_strength_tablet=&#8221;1px&#8221; link_text_shadow_horizontal_length_tablet=&#8221;0px&#8221; link_text_shadow_vertical_length_tablet=&#8221;0px&#8221; link_text_shadow_blur_strength_tablet=&#8221;1px&#8221; ul_text_shadow_horizontal_length_tablet=&#8221;0px&#8221; ul_text_shadow_vertical_length_tablet=&#8221;0px&#8221; ul_text_shadow_blur_strength_tablet=&#8221;1px&#8221; ol_text_shadow_horizontal_length_tablet=&#8221;0px&#8221; ol_text_shadow_vertical_length_tablet=&#8221;0px&#8221; ol_text_shadow_blur_strength_tablet=&#8221;1px&#8221; quote_text_shadow_horizontal_length_tablet=&#8221;0px&#8221; quote_text_shadow_vertical_length_tablet=&#8221;0px&#8221; quote_text_shadow_blur_strength_tablet=&#8221;1px&#8221; header_text_shadow_horizontal_length_tablet=&#8221;0px&#8221; header_text_shadow_vertical_length_tablet=&#8221;0px&#8221; header_text_shadow_blur_strength_tablet=&#8221;1px&#8221; header_2_text_shadow_horizontal_length_tablet=&#8221;0px&#8221; header_2_text_shadow_vertical_length_tablet=&#8221;0px&#8221; header_2_text_shadow_blur_strength_tablet=&#8221;1px&#8221; header_3_text_shadow_horizontal_length_tablet=&#8221;0px&#8221; header_3_text_shadow_vertical_length_tablet=&#8221;0px&#8221; header_3_text_shadow_blur_strength_tablet=&#8221;1px&#8221; header_4_text_shadow_horizontal_length_tablet=&#8221;0px&#8221; header_4_text_shadow_vertical_length_tablet=&#8221;0px&#8221; header_4_text_shadow_blur_strength_tablet=&#8221;1px&#8221; header_5_text_shadow_horizontal_length_tablet=&#8221;0px&#8221; header_5_text_shadow_vertical_length_tablet=&#8221;0px&#8221; header_5_text_shadow_blur_strength_tablet=&#8221;1px&#8221; header_6_text_shadow_horizontal_length_tablet=&#8221;0px&#8221; header_6_text_shadow_vertical_length_tablet=&#8221;0px&#8221; header_6_text_shadow_blur_strength_tablet=&#8221;1px&#8221; box_shadow_horizontal_tablet=&#8221;0px&#8221; box_shadow_vertical_tablet=&#8221;0px&#8221; box_shadow_blur_tablet=&#8221;40px&#8221; box_shadow_spread_tablet=&#8221;0px&#8221;]<\/p>\n<h1>Lawyers<\/h1>\n<p>Esta \u00e9 a equipa jur\u00eddica da Marques|Barradas Advogados que encontrar\u00e1 no nosso escrit\u00f3rio no Funchal, Madeira.[\/et_pb_text][et_pb_divider divider_position=&#8221;center&#8221; divider_weight=&#8221;5px&#8221; _builder_version=&#8221;3.24.1&#8243; width=&#8221;50px&#8221; max_width=&#8221;50%&#8221; module_alignment=&#8221;left&#8221; z_index_tablet=&#8221;500&#8243; box_shadow_horizontal_tablet=&#8221;0px&#8221; box_shadow_vertical_tablet=&#8221;0px&#8221; box_shadow_blur_tablet=&#8221;40px&#8221; box_shadow_spread_tablet=&#8221;0px&#8221;][\/et_pb_divider][\/et_pb_column][\/et_pb_row][\/et_pb_section][et_pb_section fb_built=&#8221;1&#8243; _builder_version=&#8221;3.24.1&#8243; custom_padding=&#8221;0px|||&#8221; z_index_tablet=&#8221;500&#8243; box_shadow_horizontal_tablet=&#8221;0px&#8221; box_shadow_vertical_tablet=&#8221;0px&#8221; box_shadow_blur_tablet=&#8221;40px&#8221; box_shadow_spread_tablet=&#8221;0px&#8221;][et_pb_row column_structure=&#8221;1_2,1_2&#8243; _builder_version=&#8221;4.4.3&#8243; max_width=&#8221;750px&#8221; module_alignment=&#8221;center&#8221;][et_pb_column type=&#8221;1_2&#8243; _builder_version=&#8221;4.4.3&#8243;][et_pb_blurb title=&#8221;Jo\u00e3o Paulo Marques&#8221; url=&#8221;https:\/\/mb-advogados.pt\/advogados\/joao-paulo-marques\/&#8221; image=&#8221;https:\/\/mb-advogados.pt\/wp\/wp-content\/uploads\/2020\/04\/joao-transparente.png&#8221; admin_label=&#8221;Blurb | H4 | Jo\u00e3o Paulo Marques&#8221; _builder_version=&#8221;4.4.3&#8243; header_level=&#8221;h2&#8243; header_font=&#8221;Gill Sans MT|700||on|||||&#8221; header_text_align=&#8221;center&#8221; header_text_color=&#8221;#000000&#8243; text_orientation=&#8221;center&#8221; animation=&#8221;off&#8221; link_option_url=&#8221;https:\/\/mb-advogados.pt\/advogados\/joao-paulo-marques\/&#8221; hover_enabled=&#8221;0&#8243; header_text_shadow_style=&#8221;preset4&#8243;]<\/p>\n<p>Lawyer<\/p>\n<p>[\/et_pb_blurb][\/et_pb_column][et_pb_column type=&#8221;1_2&#8243; _builder_version=&#8221;4.4.3&#8243;][et_pb_blurb title=&#8221;Hugo Ricardo Barradas&#8221; url=&#8221;https:\/\/mb-advogados.pt\/advogados\/hugo-ricardo-barradas\/&#8221; image=&#8221;https:\/\/mb-advogados.pt\/wp\/wp-content\/uploads\/2020\/04\/hugo-transparente.png&#8221; admin_label=&#8221;Blurb | H4 | Jo\u00e3o Paulo Marques&#8221; _builder_version=&#8221;4.4.3&#8243; header_level=&#8221;h2&#8243; header_font=&#8221;Gill Sans MT|700||on|||||&#8221; header_text_align=&#8221;center&#8221; header_text_color=&#8221;#000000&#8243; text_orientation=&#8221;center&#8221; animation=&#8221;off&#8221; link_option_url=&#8221;https:\/\/mb-advogados.pt\/advogados\/hugo-ricardo-barradas\/&#8221; hover_enabled=&#8221;0&#8243; header_text_shadow_style=&#8221;preset4&#8243;]<\/p>\n<p>Lawyer<\/p>\n<p>[\/et_pb_blurb][\/et_pb_column][\/et_pb_row][\/et_pb_section]<\/p>","protected":false},"excerpt":{"rendered":"<p>[et_pb_section fb_built=&#8221;1&#8243; module_id=&#8221;advogados&#8221; _builder_version=&#8221;3.24.1&#8243; custom_margin=&#8221;||0px|&#8221; custom_padding=&#8221;||0px|&#8221; z_index_tablet=&#8221;500&#8243; box_shadow_horizontal_tablet=&#8221;0px&#8221; box_shadow_vertical_tablet=&#8221;0px&#8221; box_shadow_blur_tablet=&#8221;40px&#8221; box_shadow_spread_tablet=&#8221;0px&#8221;][et_pb_row _builder_version=&#8221;3.25&#8243; custom_padding=&#8221;||0px|&#8221; z_index_tablet=&#8221;500&#8243; box_shadow_horizontal_tablet=&#8221;0px&#8221; box_shadow_vertical_tablet=&#8221;0px&#8221; box_shadow_blur_tablet=&#8221;40px&#8221; box_shadow_spread_tablet=&#8221;0px&#8221;][et_pb_column type=&#8221;4_4&#8243; _builder_version=&#8221;3.25&#8243; custom_padding=&#8221;|||&#8221; custom_padding__hover=&#8221;|||&#8221;][et_pb_text admin_label=&#8221;Titulo + Texto &#8211; h1 &#8211; Advogados na Equipa&#8221; _builder_version=&#8221;4.4.3&#8243; text_line_height=&#8221;1.4em&#8221; header_font=&#8221;Gill Sans MT|700||on|||||&#8221; header_text_align=&#8221;left&#8221; header_2_font=&#8221;|700||on|||||&#8221; header_2_text_align=&#8221;left&#8221; header_2_font_size=&#8221;30px&#8221; width_tablet=&#8221;100%&#8221; width_last_edited=&#8221;off|desktop&#8221; custom_margin=&#8221;||0px|&#8221; header_2_font_size_tablet=&#8221;26px&#8221; header_2_font_size_phone=&#8221;&#8221; header_2_font_size_last_edited=&#8221;on|desktop&#8221; z_index_tablet=&#8221;500&#8243; text_text_shadow_horizontal_length_tablet=&#8221;0px&#8221; text_text_shadow_vertical_length_tablet=&#8221;0px&#8221; text_text_shadow_blur_strength_tablet=&#8221;1px&#8221; link_text_shadow_horizontal_length_tablet=&#8221;0px&#8221; link_text_shadow_vertical_length_tablet=&#8221;0px&#8221; link_text_shadow_blur_strength_tablet=&#8221;1px&#8221; ul_text_shadow_horizontal_length_tablet=&#8221;0px&#8221; ul_text_shadow_vertical_length_tablet=&#8221;0px&#8221; [&hellip;]<\/p>","protected":false},"author":1,"featured_media":0,"parent":0,"menu_order":0,"comment_status":"closed","ping_status":"closed","template":"","meta":{"_et_pb_use_builder":"on","_et_pb_old_content":"","_et_gb_content_width":"","footnotes":""},"class_list":["post-828","page","type-page","status-publish","hentry"],"yoast_head":"<!-- This site is optimized with the Yoast SEO plugin v24.1 - https:\/\/yoast.com\/wordpress\/plugins\/seo\/ -->\n<title>Advogados - M|B Advogados<\/title>\n<meta name=\"description\" content=\"Esta \u00e9 a equipa jur\u00eddica da Marques|Barradas Advogados que encontrar\u00e1 no nosso escrit\u00f3rio no Funchal, Madeira.\" \/>\n<meta name=\"robots\" content=\"index, follow, max-snippet:-1, max-image-preview:large, max-video-preview:-1\" \/>\n<link rel=\"canonical\" href=\"https:\/\/mb-advogados.pt\/en\/advogados\/\" \/>\n<meta property=\"og:locale\" content=\"en_GB\" \/>\n<meta property=\"og:type\" content=\"article\" \/>\n<meta property=\"og:title\" content=\"Advogados - M|B Advogados\" \/>\n<meta property=\"og:description\" content=\"Esta \u00e9 a equipa jur\u00eddica da Marques|Barradas Advogados que encontrar\u00e1 no nosso escrit\u00f3rio no Funchal, Madeira.\" \/>\n<meta property=\"og:url\" content=\"https:\/\/mb-advogados.pt\/en\/advogados\/\" \/>\n<meta property=\"og:site_name\" content=\"M|B Advogados\" \/>\n<meta property=\"article:publisher\" content=\"https:\/\/www.facebook.com\/marquesbarradasadv\" \/>\n<meta property=\"article:modified_time\" content=\"2020-04-24T09:38:09+00:00\" \/>\n<meta name=\"twitter:card\" content=\"summary_large_image\" \/>\n<meta name=\"twitter:label1\" content=\"Estimated reading time\" \/>\n\t<meta name=\"twitter:data1\" content=\"3 minutes\" \/>\n<script type=\"application\/ld+json\" class=\"yoast-schema-graph\">{\"@context\":\"https:\/\/schema.org\",\"@graph\":[{\"@type\":\"WebPage\",\"@id\":\"https:\/\/mb-advogados.pt\/advogados\/\",\"url\":\"https:\/\/mb-advogados.pt\/advogados\/\",\"name\":\"Advogados - M|B Advogados\",\"isPartOf\":{\"@id\":\"https:\/\/mb-advogados.pt\/#website\"},\"datePublished\":\"2020-04-23T16:37:37+00:00\",\"dateModified\":\"2020-04-24T09:38:09+00:00\",\"description\":\"Esta \u00e9 a equipa jur\u00eddica da Marques|Barradas Advogados que encontrar\u00e1 no nosso escrit\u00f3rio no Funchal, Madeira.\",\"breadcrumb\":{\"@id\":\"https:\/\/mb-advogados.pt\/advogados\/#breadcrumb\"},\"inLanguage\":\"en-GB\",\"potentialAction\":[{\"@type\":\"ReadAction\",\"target\":[\"https:\/\/mb-advogados.pt\/advogados\/\"]}]},{\"@type\":\"BreadcrumbList\",\"@id\":\"https:\/\/mb-advogados.pt\/advogados\/#breadcrumb\",\"itemListElement\":[{\"@type\":\"ListItem\",\"position\":1,\"name\":\"In\u00edcio\",\"item\":\"https:\/\/mb-advogados.pt\/\"},{\"@type\":\"ListItem\",\"position\":2,\"name\":\"Advogados\"}]},{\"@type\":\"WebSite\",\"@id\":\"https:\/\/mb-advogados.pt\/#website\",\"url\":\"https:\/\/mb-advogados.pt\/\",\"name\":\"M|B Advogados\",\"description\":\"Escrit\u00f3rio de Advogados no Funchal\",\"potentialAction\":[{\"@type\":\"SearchAction\",\"target\":{\"@type\":\"EntryPoint\",\"urlTemplate\":\"https:\/\/mb-advogados.pt\/?s={search_term_string}\"},\"query-input\":{\"@type\":\"PropertyValueSpecification\",\"valueRequired\":true,\"valueName\":\"search_term_string\"}}],\"inLanguage\":\"en-GB\"}]}<\/script>\n<!-- \/ Yoast SEO plugin. -->","yoast_head_json":{"title":"Advogados - M|B Advogados","description":"Esta \u00e9 a equipa jur\u00eddica da Marques|Barradas Advogados que encontrar\u00e1 no nosso escrit\u00f3rio no Funchal, Madeira.","robots":{"index":"index","follow":"follow","max-snippet":"max-snippet:-1","max-image-preview":"max-image-preview:large","max-video-preview":"max-video-preview:-1"},"canonical":"https:\/\/mb-advogados.pt\/en\/advogados\/","og_locale":"en_GB","og_type":"article","og_title":"Advogados - M|B Advogados","og_description":"Esta \u00e9 a equipa jur\u00eddica da Marques|Barradas Advogados que encontrar\u00e1 no nosso escrit\u00f3rio no Funchal, Madeira.","og_url":"https:\/\/mb-advogados.pt\/en\/advogados\/","og_site_name":"M|B Advogados","article_publisher":"https:\/\/www.facebook.com\/marquesbarradasadv","article_modified_time":"2020-04-24T09:38:09+00:00","twitter_card":"summary_large_image","twitter_misc":{"Estimated reading time":"3 minutes"},"schema":{"@context":"https:\/\/schema.org","@graph":[{"@type":"WebPage","@id":"https:\/\/mb-advogados.pt\/advogados\/","url":"https:\/\/mb-advogados.pt\/advogados\/","name":"Advogados - M|B Advogados","isPartOf":{"@id":"https:\/\/mb-advogados.pt\/#website"},"datePublished":"2020-04-23T16:37:37+00:00","dateModified":"2020-04-24T09:38:09+00:00","description":"Esta \u00e9 a equipa jur\u00eddica da Marques|Barradas Advogados que encontrar\u00e1 no nosso escrit\u00f3rio no Funchal, Madeira.","breadcrumb":{"@id":"https:\/\/mb-advogados.pt\/advogados\/#breadcrumb"},"inLanguage":"en-GB","potentialAction":[{"@type":"ReadAction","target":["https:\/\/mb-advogados.pt\/advogados\/"]}]},{"@type":"BreadcrumbList","@id":"https:\/\/mb-advogados.pt\/advogados\/#breadcrumb","itemListElement":[{"@type":"ListItem","position":1,"name":"In\u00edcio","item":"https:\/\/mb-advogados.pt\/"},{"@type":"ListItem","position":2,"name":"Advogados"}]},{"@type":"WebSite","@id":"https:\/\/mb-advogados.pt\/#website","url":"https:\/\/mb-advogados.pt\/","name":"M|B Advogados","description":"Escrit\u00f3rio de Advogados no Funchal","potentialAction":[{"@type":"SearchAction","target":{"@type":"EntryPoint","urlTemplate":"https:\/\/mb-advogados.pt\/?s={search_term_string}"},"query-input":{"@type":"PropertyValueSpecification","valueRequired":true,"valueName":"search_term_string"}}],"inLanguage":"en-GB"}]}},"jetpack_sharing_enabled":true,"_links":{"self":[{"href":"https:\/\/mb-advogados.pt\/en\/wp-json\/wp\/v2\/pages\/828","targetHints":{"allow":["GET"]}}],"collection":[{"href":"https:\/\/mb-advogados.pt\/en\/wp-json\/wp\/v2\/pages"}],"about":[{"href":"https:\/\/mb-advogados.pt\/en\/wp-json\/wp\/v2\/types\/page"}],"author":[{"embeddable":true,"href":"https:\/\/mb-advogados.pt\/en\/wp-json\/wp\/v2\/users\/1"}],"replies":[{"embeddable":true,"href":"https:\/\/mb-advogados.pt\/en\/wp-json\/wp\/v2\/comments?post=828"}],"version-history":[{"count":12,"href":"https:\/\/mb-advogados.pt\/en\/wp-json\/wp\/v2\/pages\/828\/revisions"}],"predecessor-version":[{"id":862,"href":"https:\/\/mb-advogados.pt\/en\/wp-json\/wp\/v2\/pages\/828\/revisions\/862"}],"wp:attachment":[{"href":"https:\/\/mb-advogados.pt\/en\/wp-json\/wp\/v2\/media?parent=828"}],"curies":[{"name":"wp","href":"https:\/\/api.w.org\/{rel}","templated":true}]}}