{"id":255,"date":"2019-06-21T13:11:29","date_gmt":"2019-06-21T12:11:29","guid":{"rendered":"http:\/\/mb-advogados.99porcento.pt\/?page_id=255"},"modified":"2019-09-09T15:14:13","modified_gmt":"2019-09-09T14:14:13","slug":"termos-e-condicoes","status":"publish","type":"page","link":"https:\/\/mb-advogados.pt\/en\/termos-e-condicoes\/","title":{"rendered":"Termos e Condi\u00e7\u00f5es"},"content":{"rendered":"<p>[et_pb_section fb_built=&#8221;1&#8243; _builder_version=&#8221;3.24.1&#8243; background_color=&#8221;#f7f7f7&#8243; z_index_tablet=&#8221;500&#8243; box_shadow_horizontal_tablet=&#8221;0px&#8221; box_shadow_vertical_tablet=&#8221;0px&#8221; box_shadow_blur_tablet=&#8221;40px&#8221; box_shadow_spread_tablet=&#8221;0px&#8221;][et_pb_row custom_padding=&#8221;||0px|&#8221; _builder_version=&#8221;3.24.1&#8243; z_index_tablet=&#8221;500&#8243; box_shadow_horizontal_tablet=&#8221;0px&#8221; box_shadow_vertical_tablet=&#8221;0px&#8221; box_shadow_blur_tablet=&#8221;40px&#8221; box_shadow_spread_tablet=&#8221;0px&#8221;][et_pb_column type=&#8221;4_4&#8243; _builder_version=&#8221;3.0.47&#8243;][et_pb_text admin_label=&#8221;Titulo &#8211; h2 &#8211; Termos e Condi\u00e7\u00f5es&#8221; _builder_version=&#8221;3.24.1&#8243; text_text_align=&#8221;left&#8221; text_line_height=&#8221;1.4em&#8221; header_2_font=&#8221;Gill Sans MT|700||on|||||&#8221; header_2_text_align=&#8221;left&#8221; header_2_font_size=&#8221;30px&#8221; width_last_edited=&#8221;off|tablet&#8221; z_index_tablet=&#8221;500&#8243; text_text_shadow_horizontal_length_tablet=&#8221;0px&#8221; text_text_shadow_vertical_length_tablet=&#8221;0px&#8221; text_text_shadow_blur_strength_tablet=&#8221;1px&#8221; link_text_shadow_horizontal_length_tablet=&#8221;0px&#8221; link_text_shadow_vertical_length_tablet=&#8221;0px&#8221; link_text_shadow_blur_strength_tablet=&#8221;1px&#8221; ul_text_shadow_horizontal_length_tablet=&#8221;0px&#8221; ul_text_shadow_vertical_length_tablet=&#8221;0px&#8221; ul_text_shadow_blur_strength_tablet=&#8221;1px&#8221; ol_text_shadow_horizontal_length_tablet=&#8221;0px&#8221; ol_text_shadow_vertical_length_tablet=&#8221;0px&#8221; ol_text_shadow_blur_strength_tablet=&#8221;1px&#8221; quote_text_shadow_horizontal_length_tablet=&#8221;0px&#8221; quote_text_shadow_vertical_length_tablet=&#8221;0px&#8221; quote_text_shadow_blur_strength_tablet=&#8221;1px&#8221; header_text_shadow_horizontal_length_tablet=&#8221;0px&#8221; header_text_shadow_vertical_length_tablet=&#8221;0px&#8221; header_text_shadow_blur_strength_tablet=&#8221;1px&#8221; header_2_font_size_tablet=&#8221;26px&#8221; header_2_font_size_last_edited=&#8221;on|tablet&#8221; header_2_text_shadow_horizontal_length_tablet=&#8221;0px&#8221; header_2_text_shadow_vertical_length_tablet=&#8221;0px&#8221; header_2_text_shadow_blur_strength_tablet=&#8221;1px&#8221; header_3_text_shadow_horizontal_length_tablet=&#8221;0px&#8221; header_3_text_shadow_vertical_length_tablet=&#8221;0px&#8221; header_3_text_shadow_blur_strength_tablet=&#8221;1px&#8221; header_4_text_shadow_horizontal_length_tablet=&#8221;0px&#8221; header_4_text_shadow_vertical_length_tablet=&#8221;0px&#8221; header_4_text_shadow_blur_strength_tablet=&#8221;1px&#8221; header_5_text_shadow_horizontal_length_tablet=&#8221;0px&#8221; header_5_text_shadow_vertical_length_tablet=&#8221;0px&#8221; header_5_text_shadow_blur_strength_tablet=&#8221;1px&#8221; header_6_text_shadow_horizontal_length_tablet=&#8221;0px&#8221; header_6_text_shadow_vertical_length_tablet=&#8221;0px&#8221; header_6_text_shadow_blur_strength_tablet=&#8221;1px&#8221; box_shadow_horizontal_tablet=&#8221;0px&#8221; box_shadow_vertical_tablet=&#8221;0px&#8221; box_shadow_blur_tablet=&#8221;40px&#8221; box_shadow_spread_tablet=&#8221;0px&#8221; text_font=&#8221;||||||||&#8221; header_font=&#8221;||||||||&#8221;]<\/p>\n<h2><\/h2>\n<h2>Termos DE Utiliza\u00e7\u00e3o<\/h2>\n<p>&nbsp;<\/p>\n<p style=\"text-align: justify;\"><strong>Terms of Use<\/strong><br \/>O presente Site foi criado, pertence e \u00e9 operado pela parceria Marques|Barradas Advogados, de Jo\u00e3o Paulo Marques e Hugo Ricardo Barradas, regendo-se a sua<br \/>utiliza\u00e7\u00e3o por estes Termos de Utiliza\u00e7\u00e3o.<\/p>\n<p style=\"text-align: justify;\">O utilizador do Site (\u201cUtilizador\u201d) reconhece que ao usar este Site est\u00e1 a aceitar estes Termos de Utiliza\u00e7\u00e3o.<\/p>\n<p style=\"text-align: justify;\"><strong>Acesso ao Site<\/strong><br \/>A Marques|Barradas Advogados tem o direito exclusivo de a todo o tempo, suspender, parcial ou totalmente o acesso ao Site, em especial nas opera\u00e7\u00f5es de gest\u00e3o, manuten\u00e7\u00e3o, repara\u00e7\u00e3o, altera\u00e7\u00e3o ou moderniza\u00e7\u00e3o e de o encerrar, definitiva ou temporariamente, parcial ou totalmente, a qualquer momento.<\/p>\n<p style=\"text-align: justify;\"><strong>Direitos de Propriedade Intelectual<\/strong><br \/>O Utilizador reconhece que os conte\u00fados deste Site est\u00e3o protegidos por direitos de propriedade intelectual e obriga-se a respeitar tais direitos.<br \/>Os direitos sobre textos, imagens, gr\u00e1ficos, som e\/ou anima\u00e7\u00e3o e todas as outras informa\u00e7\u00f5es e a forma em que s\u00e3o representadas graficamente no Site, incluindo as marcas, log\u00f3tipos e s\u00edmbolos, assim como a disposi\u00e7\u00e3o e a estrutura do Site s\u00e3o da titularidade da Marques|Barradas Advogados, foram devidamente licenciados a seu favor, ou s\u00e3o de livre utiliza\u00e7\u00e3o.<\/p>\n<p style=\"text-align: justify;\">O Utilizador n\u00e3o est\u00e1 autorizado a transmitir, publicar, modificar, copiar, vender, utilizar ou distribuir, por qualquer forma, os textos, imagens ou outras informa\u00e7\u00f5es contidas neste Site ou parte do Site sem autoriza\u00e7\u00e3o pr\u00e9via, por escrito, da Marques|Barradas Advogados. A utiliza\u00e7\u00e3o de marcas e log\u00f3tipos neste Site, assim como a disponibiliza\u00e7\u00e3o dos materiais existentes no Site, n\u00e3o concedem, nem podem ser interpretados como concedendo, permiss\u00e3o aos Utilizadores para utilizar, direta ou indiretamente, tais marcas, log\u00f3tipos ou materiais.<\/p>\n<p style=\"text-align: justify;\"><strong>Tratamento de Dados Pessoais<\/strong><br \/>A Marques|Barradas Advogados est\u00e1 empenhada em proteger a privacidade do Utilizador do Site. A navega\u00e7\u00e3o atrav\u00e9s do presente site n\u00e3o implica o fornecimento de dados pessoais.<\/p>\n<p style=\"text-align: justify;\"><strong>Informa\u00e7\u00f5es<\/strong><br \/>A informa\u00e7\u00e3o disponibilizada no Site visa essencialmente esclarecer e informar os Utilizadores sobre a atividade da Marques|Barradas Advogados.<br \/>As informa\u00e7\u00f5es prestadas foram objeto de uma an\u00e1lise minuciosa, no entanto, tais informa\u00e7\u00f5es t\u00eam um car\u00e1cter abstrato, podendo conter erros ou imprecis\u00f5es.<\/p>\n<p style=\"text-align: justify;\"><strong>Responsabilidade<\/strong><\/p>\n<p style=\"text-align: justify;\"><span style=\"font-size: 14px;\">A Marques|Barradas Advogados n\u00e3o ser\u00e1 respons\u00e1vel por erros que possam ocorrer\u00a0<\/span>devido a irregularidades do sistema ou falha (tempor\u00e1ria ou permanente) do Site. A Marques|Barradas Advogados n\u00e3o se responsabilizar\u00e1 por quaisquer danos resultantes da utiliza\u00e7\u00e3o indevida ou da impossibilidade de utiliza\u00e7\u00e3o do Site.<\/p>\n<p style=\"text-align: justify;\"><strong>Links<\/strong><br \/>A Marques|Barradas Advogados poder\u00e1 disponibilizar links para p\u00e1ginas de outras entidades, que n\u00e3o pertencem nem s\u00e3o operados ou controlados por si, pelo que a n\u00e3o se responsabiliza, aprova ou por qualquer forma apoia ou subscreve o conte\u00fado desses sites, nem dos sites com ele ligados ou neles referidos. A utiliza\u00e7\u00e3o destes links \u00e9 da inteira responsabilidade dos Utilizadores.<\/p>\n<p style=\"text-align: justify;\">A cria\u00e7\u00e3o de links para o Site da Marques|Barradas Advogados carece de autoriza\u00e7\u00e3o escrita pr\u00e9via.<\/p>\n<p style=\"text-align: justify;\"><strong>Validade dos Termos de Utiliza\u00e7\u00e3o<\/strong><br \/>Se alguma parte ou disposi\u00e7\u00e3o dos presentes Termos de Utiliza\u00e7\u00e3o n\u00e3o for execut\u00e1vel ou estiver em conflito com a lei aplic\u00e1vel, a validade das restantes partes ou disposi\u00e7\u00f5es n\u00e3o ser\u00e1 afetada.<\/p>\n<p style=\"text-align: justify;\"><strong>Altera\u00e7\u00e3o dos Termos de Utiliza\u00e7\u00e3o<\/strong><br \/>A Marques|Barradas Advogados reserva-se o direito de, a qualquer momento, alterar, adicionar, atualizar ou eliminar, parcial ou totalmente os presentes Termos de Utiliza\u00e7\u00e3o.<\/p>\n<p style=\"text-align: justify;\">O Utilizador deve consultar periodicamente a p\u00e1gina destes Termos de Utiliza\u00e7\u00e3o para confirmar se foram efetuadas quaisquer atualiza\u00e7\u00f5es ou altera\u00e7\u00f5es.<\/p>\n<p style=\"text-align: justify;\"><strong>Lei aplic\u00e1vel<\/strong><br \/>Estes Termos de Utiliza\u00e7\u00e3o do Site encontram-se sujeitos \u00e0 lei portuguesa.<\/p>\n<p>&nbsp;<\/p>\n<p>[\/et_pb_text][\/et_pb_column][\/et_pb_row][\/et_pb_section]<\/p>","protected":false},"excerpt":{"rendered":"<p>[et_pb_section fb_built=&#8221;1&#8243; _builder_version=&#8221;3.24.1&#8243; background_color=&#8221;#f7f7f7&#8243; z_index_tablet=&#8221;500&#8243; box_shadow_horizontal_tablet=&#8221;0px&#8221; box_shadow_vertical_tablet=&#8221;0px&#8221; box_shadow_blur_tablet=&#8221;40px&#8221; box_shadow_spread_tablet=&#8221;0px&#8221;][et_pb_row custom_padding=&#8221;||0px|&#8221; _builder_version=&#8221;3.24.1&#8243; z_index_tablet=&#8221;500&#8243; box_shadow_horizontal_tablet=&#8221;0px&#8221; box_shadow_vertical_tablet=&#8221;0px&#8221; box_shadow_blur_tablet=&#8221;40px&#8221; box_shadow_spread_tablet=&#8221;0px&#8221;][et_pb_column type=&#8221;4_4&#8243; _builder_version=&#8221;3.0.47&#8243;][et_pb_text admin_label=&#8221;Titulo &#8211; h2 &#8211; Termos e Condi\u00e7\u00f5es&#8221; _builder_version=&#8221;3.24.1&#8243; text_text_align=&#8221;left&#8221; text_line_height=&#8221;1.4em&#8221; header_2_font=&#8221;Gill Sans MT|700||on|||||&#8221; header_2_text_align=&#8221;left&#8221; header_2_font_size=&#8221;30px&#8221; width_last_edited=&#8221;off|tablet&#8221; z_index_tablet=&#8221;500&#8243; text_text_shadow_horizontal_length_tablet=&#8221;0px&#8221; text_text_shadow_vertical_length_tablet=&#8221;0px&#8221; text_text_shadow_blur_strength_tablet=&#8221;1px&#8221; link_text_shadow_horizontal_length_tablet=&#8221;0px&#8221; link_text_shadow_vertical_length_tablet=&#8221;0px&#8221; link_text_shadow_blur_strength_tablet=&#8221;1px&#8221; ul_text_shadow_horizontal_length_tablet=&#8221;0px&#8221; ul_text_shadow_vertical_length_tablet=&#8221;0px&#8221; ul_text_shadow_blur_strength_tablet=&#8221;1px&#8221; ol_text_shadow_horizontal_length_tablet=&#8221;0px&#8221; ol_text_shadow_vertical_length_tablet=&#8221;0px&#8221; ol_text_shadow_blur_strength_tablet=&#8221;1px&#8221; quote_text_shadow_horizontal_length_tablet=&#8221;0px&#8221; quote_text_shadow_vertical_length_tablet=&#8221;0px&#8221; quote_text_shadow_blur_strength_tablet=&#8221;1px&#8221; header_text_shadow_horizontal_length_tablet=&#8221;0px&#8221; header_text_shadow_vertical_length_tablet=&#8221;0px&#8221; header_text_shadow_blur_strength_tablet=&#8221;1px&#8221; header_2_font_size_tablet=&#8221;26px&#8221; header_2_font_size_last_edited=&#8221;on|tablet&#8221; [&hellip;]<\/p>","protected":false},"author":1,"featured_media":0,"parent":0,"menu_order":0,"comment_status":"closed","ping_status":"closed","template":"","meta":{"_et_pb_use_builder":"on","_et_pb_old_content":"","_et_gb_content_width":"","footnotes":""},"class_list":["post-255","page","type-page","status-publish","hentry"],"yoast_head":"<!-- This site is optimized with the Yoast SEO plugin v24.1 - https:\/\/yoast.com\/wordpress\/plugins\/seo\/ -->\n<title>Termos e Condi\u00e7\u00f5es - M|B Advogados<\/title>\n<meta name=\"robots\" content=\"index, follow, max-snippet:-1, max-image-preview:large, max-video-preview:-1\" \/>\n<link rel=\"canonical\" href=\"https:\/\/mb-advogados.pt\/en\/termos-e-condicoes\/\" \/>\n<meta property=\"og:locale\" content=\"en_GB\" \/>\n<meta property=\"og:type\" content=\"article\" \/>\n<meta property=\"og:title\" content=\"Termos e Condi\u00e7\u00f5es - M|B Advogados\" \/>\n<meta property=\"og:description\" content=\"[et_pb_section fb_built=&#8221;1&#8243; _builder_version=&#8221;3.24.1&#8243; background_color=&#8221;#f7f7f7&#8243; z_index_tablet=&#8221;500&#8243; box_shadow_horizontal_tablet=&#8221;0px&#8221; box_shadow_vertical_tablet=&#8221;0px&#8221; box_shadow_blur_tablet=&#8221;40px&#8221; box_shadow_spread_tablet=&#8221;0px&#8221;][et_pb_row custom_padding=&#8221;||0px|&#8221; _builder_version=&#8221;3.24.1&#8243; z_index_tablet=&#8221;500&#8243; box_shadow_horizontal_tablet=&#8221;0px&#8221; box_shadow_vertical_tablet=&#8221;0px&#8221; box_shadow_blur_tablet=&#8221;40px&#8221; box_shadow_spread_tablet=&#8221;0px&#8221;][et_pb_column type=&#8221;4_4&#8243; _builder_version=&#8221;3.0.47&#8243;][et_pb_text admin_label=&#8221;Titulo &#8211; h2 &#8211; Termos e Condi\u00e7\u00f5es&#8221; _builder_version=&#8221;3.24.1&#8243; text_text_align=&#8221;left&#8221; text_line_height=&#8221;1.4em&#8221; header_2_font=&#8221;Gill Sans MT|700||on|||||&#8221; header_2_text_align=&#8221;left&#8221; header_2_font_size=&#8221;30px&#8221; width_last_edited=&#8221;off|tablet&#8221; z_index_tablet=&#8221;500&#8243; text_text_shadow_horizontal_length_tablet=&#8221;0px&#8221; text_text_shadow_vertical_length_tablet=&#8221;0px&#8221; text_text_shadow_blur_strength_tablet=&#8221;1px&#8221; link_text_shadow_horizontal_length_tablet=&#8221;0px&#8221; link_text_shadow_vertical_length_tablet=&#8221;0px&#8221; link_text_shadow_blur_strength_tablet=&#8221;1px&#8221; ul_text_shadow_horizontal_length_tablet=&#8221;0px&#8221; ul_text_shadow_vertical_length_tablet=&#8221;0px&#8221; ul_text_shadow_blur_strength_tablet=&#8221;1px&#8221; ol_text_shadow_horizontal_length_tablet=&#8221;0px&#8221; ol_text_shadow_vertical_length_tablet=&#8221;0px&#8221; ol_text_shadow_blur_strength_tablet=&#8221;1px&#8221; quote_text_shadow_horizontal_length_tablet=&#8221;0px&#8221; quote_text_shadow_vertical_length_tablet=&#8221;0px&#8221; quote_text_shadow_blur_strength_tablet=&#8221;1px&#8221; header_text_shadow_horizontal_length_tablet=&#8221;0px&#8221; header_text_shadow_vertical_length_tablet=&#8221;0px&#8221; header_text_shadow_blur_strength_tablet=&#8221;1px&#8221; header_2_font_size_tablet=&#8221;26px&#8221; header_2_font_size_last_edited=&#8221;on|tablet&#8221; [&hellip;]\" \/>\n<meta property=\"og:url\" content=\"https:\/\/mb-advogados.pt\/en\/termos-e-condicoes\/\" \/>\n<meta property=\"og:site_name\" content=\"M|B Advogados\" \/>\n<meta property=\"article:publisher\" content=\"https:\/\/www.facebook.com\/marquesbarradasadv\" \/>\n<meta property=\"article:modified_time\" content=\"2019-09-09T14:14:13+00:00\" \/>\n<meta name=\"twitter:card\" content=\"summary_large_image\" \/>\n<meta name=\"twitter:label1\" content=\"Estimated reading time\" \/>\n\t<meta name=\"twitter:data1\" content=\"5 minutes\" \/>\n<script type=\"application\/ld+json\" class=\"yoast-schema-graph\">{\"@context\":\"https:\/\/schema.org\",\"@graph\":[{\"@type\":\"WebPage\",\"@id\":\"https:\/\/mb-advogados.pt\/termos-e-condicoes\/\",\"url\":\"https:\/\/mb-advogados.pt\/termos-e-condicoes\/\",\"name\":\"Termos e Condi\u00e7\u00f5es - M|B Advogados\",\"isPartOf\":{\"@id\":\"https:\/\/mb-advogados.pt\/#website\"},\"datePublished\":\"2019-06-21T12:11:29+00:00\",\"dateModified\":\"2019-09-09T14:14:13+00:00\",\"breadcrumb\":{\"@id\":\"https:\/\/mb-advogados.pt\/termos-e-condicoes\/#breadcrumb\"},\"inLanguage\":\"en-GB\",\"potentialAction\":[{\"@type\":\"ReadAction\",\"target\":[\"https:\/\/mb-advogados.pt\/termos-e-condicoes\/\"]}]},{\"@type\":\"BreadcrumbList\",\"@id\":\"https:\/\/mb-advogados.pt\/termos-e-condicoes\/#breadcrumb\",\"itemListElement\":[{\"@type\":\"ListItem\",\"position\":1,\"name\":\"In\u00edcio\",\"item\":\"https:\/\/mb-advogados.pt\/\"},{\"@type\":\"ListItem\",\"position\":2,\"name\":\"Termos e Condi\u00e7\u00f5es\"}]},{\"@type\":\"WebSite\",\"@id\":\"https:\/\/mb-advogados.pt\/#website\",\"url\":\"https:\/\/mb-advogados.pt\/\",\"name\":\"M|B Advogados\",\"description\":\"Escrit\u00f3rio de Advogados no Funchal\",\"potentialAction\":[{\"@type\":\"SearchAction\",\"target\":{\"@type\":\"EntryPoint\",\"urlTemplate\":\"https:\/\/mb-advogados.pt\/?s={search_term_string}\"},\"query-input\":{\"@type\":\"PropertyValueSpecification\",\"valueRequired\":true,\"valueName\":\"search_term_string\"}}],\"inLanguage\":\"en-GB\"}]}<\/script>\n<!-- \/ Yoast SEO plugin. -->","yoast_head_json":{"title":"Termos e Condi\u00e7\u00f5es - M|B Advogados","robots":{"index":"index","follow":"follow","max-snippet":"max-snippet:-1","max-image-preview":"max-image-preview:large","max-video-preview":"max-video-preview:-1"},"canonical":"https:\/\/mb-advogados.pt\/en\/termos-e-condicoes\/","og_locale":"en_GB","og_type":"article","og_title":"Termos e Condi\u00e7\u00f5es - M|B Advogados","og_description":"[et_pb_section fb_built=&#8221;1&#8243; _builder_version=&#8221;3.24.1&#8243; background_color=&#8221;#f7f7f7&#8243; z_index_tablet=&#8221;500&#8243; box_shadow_horizontal_tablet=&#8221;0px&#8221; box_shadow_vertical_tablet=&#8221;0px&#8221; box_shadow_blur_tablet=&#8221;40px&#8221; box_shadow_spread_tablet=&#8221;0px&#8221;][et_pb_row custom_padding=&#8221;||0px|&#8221; _builder_version=&#8221;3.24.1&#8243; z_index_tablet=&#8221;500&#8243; box_shadow_horizontal_tablet=&#8221;0px&#8221; box_shadow_vertical_tablet=&#8221;0px&#8221; box_shadow_blur_tablet=&#8221;40px&#8221; box_shadow_spread_tablet=&#8221;0px&#8221;][et_pb_column type=&#8221;4_4&#8243; _builder_version=&#8221;3.0.47&#8243;][et_pb_text admin_label=&#8221;Titulo &#8211; h2 &#8211; Termos e Condi\u00e7\u00f5es&#8221; _builder_version=&#8221;3.24.1&#8243; text_text_align=&#8221;left&#8221; text_line_height=&#8221;1.4em&#8221; header_2_font=&#8221;Gill Sans MT|700||on|||||&#8221; header_2_text_align=&#8221;left&#8221; header_2_font_size=&#8221;30px&#8221; width_last_edited=&#8221;off|tablet&#8221; z_index_tablet=&#8221;500&#8243; text_text_shadow_horizontal_length_tablet=&#8221;0px&#8221; text_text_shadow_vertical_length_tablet=&#8221;0px&#8221; text_text_shadow_blur_strength_tablet=&#8221;1px&#8221; link_text_shadow_horizontal_length_tablet=&#8221;0px&#8221; link_text_shadow_vertical_length_tablet=&#8221;0px&#8221; link_text_shadow_blur_strength_tablet=&#8221;1px&#8221; ul_text_shadow_horizontal_length_tablet=&#8221;0px&#8221; ul_text_shadow_vertical_length_tablet=&#8221;0px&#8221; ul_text_shadow_blur_strength_tablet=&#8221;1px&#8221; ol_text_shadow_horizontal_length_tablet=&#8221;0px&#8221; ol_text_shadow_vertical_length_tablet=&#8221;0px&#8221; ol_text_shadow_blur_strength_tablet=&#8221;1px&#8221; quote_text_shadow_horizontal_length_tablet=&#8221;0px&#8221; quote_text_shadow_vertical_length_tablet=&#8221;0px&#8221; quote_text_shadow_blur_strength_tablet=&#8221;1px&#8221; header_text_shadow_horizontal_length_tablet=&#8221;0px&#8221; header_text_shadow_vertical_length_tablet=&#8221;0px&#8221; header_text_shadow_blur_strength_tablet=&#8221;1px&#8221; header_2_font_size_tablet=&#8221;26px&#8221; header_2_font_size_last_edited=&#8221;on|tablet&#8221; [&hellip;]","og_url":"https:\/\/mb-advogados.pt\/en\/termos-e-condicoes\/","og_site_name":"M|B Advogados","article_publisher":"https:\/\/www.facebook.com\/marquesbarradasadv","article_modified_time":"2019-09-09T14:14:13+00:00","twitter_card":"summary_large_image","twitter_misc":{"Estimated reading time":"5 minutes"},"schema":{"@context":"https:\/\/schema.org","@graph":[{"@type":"WebPage","@id":"https:\/\/mb-advogados.pt\/termos-e-condicoes\/","url":"https:\/\/mb-advogados.pt\/termos-e-condicoes\/","name":"Termos e Condi\u00e7\u00f5es - M|B Advogados","isPartOf":{"@id":"https:\/\/mb-advogados.pt\/#website"},"datePublished":"2019-06-21T12:11:29+00:00","dateModified":"2019-09-09T14:14:13+00:00","breadcrumb":{"@id":"https:\/\/mb-advogados.pt\/termos-e-condicoes\/#breadcrumb"},"inLanguage":"en-GB","potentialAction":[{"@type":"ReadAction","target":["https:\/\/mb-advogados.pt\/termos-e-condicoes\/"]}]},{"@type":"BreadcrumbList","@id":"https:\/\/mb-advogados.pt\/termos-e-condicoes\/#breadcrumb","itemListElement":[{"@type":"ListItem","position":1,"name":"In\u00edcio","item":"https:\/\/mb-advogados.pt\/"},{"@type":"ListItem","position":2,"name":"Termos e Condi\u00e7\u00f5es"}]},{"@type":"WebSite","@id":"https:\/\/mb-advogados.pt\/#website","url":"https:\/\/mb-advogados.pt\/","name":"M|B Advogados","description":"Escrit\u00f3rio de Advogados no Funchal","potentialAction":[{"@type":"SearchAction","target":{"@type":"EntryPoint","urlTemplate":"https:\/\/mb-advogados.pt\/?s={search_term_string}"},"query-input":{"@type":"PropertyValueSpecification","valueRequired":true,"valueName":"search_term_string"}}],"inLanguage":"en-GB"}]}},"jetpack_sharing_enabled":true,"_links":{"self":[{"href":"https:\/\/mb-advogados.pt\/en\/wp-json\/wp\/v2\/pages\/255","targetHints":{"allow":["GET"]}}],"collection":[{"href":"https:\/\/mb-advogados.pt\/en\/wp-json\/wp\/v2\/pages"}],"about":[{"href":"https:\/\/mb-advogados.pt\/en\/wp-json\/wp\/v2\/types\/page"}],"author":[{"embeddable":true,"href":"https:\/\/mb-advogados.pt\/en\/wp-json\/wp\/v2\/users\/1"}],"replies":[{"embeddable":true,"href":"https:\/\/mb-advogados.pt\/en\/wp-json\/wp\/v2\/comments?post=255"}],"version-history":[{"count":0,"href":"https:\/\/mb-advogados.pt\/en\/wp-json\/wp\/v2\/pages\/255\/revisions"}],"wp:attachment":[{"href":"https:\/\/mb-advogados.pt\/en\/wp-json\/wp\/v2\/media?parent=255"}],"curies":[{"name":"wp","href":"https:\/\/api.w.org\/{rel}","templated":true}]}}