{"id":253,"date":"2019-06-21T13:07:20","date_gmt":"2019-06-21T12:07:20","guid":{"rendered":"http:\/\/mb-advogados.99porcento.pt\/?page_id=253"},"modified":"2020-05-16T10:46:15","modified_gmt":"2020-05-16T09:46:15","slug":"politica-de-privacidade","status":"publish","type":"page","link":"https:\/\/mb-advogados.pt\/en\/politica-de-privacidade\/","title":{"rendered":"Polit\u00edca de Privacidade"},"content":{"rendered":"<p>[et_pb_section fb_built=&#8221;1&#8243; _builder_version=&#8221;3.24.1&#8243; background_color=&#8221;#f7f7f7&#8243; z_index_tablet=&#8221;500&#8243; box_shadow_horizontal_tablet=&#8221;0px&#8221; box_shadow_vertical_tablet=&#8221;0px&#8221; box_shadow_blur_tablet=&#8221;40px&#8221; box_shadow_spread_tablet=&#8221;0px&#8221;][et_pb_row _builder_version=&#8221;3.25&#8243; custom_padding=&#8221;||0px|&#8221; z_index_tablet=&#8221;500&#8243; box_shadow_horizontal_tablet=&#8221;0px&#8221; box_shadow_vertical_tablet=&#8221;0px&#8221; box_shadow_blur_tablet=&#8221;40px&#8221; box_shadow_spread_tablet=&#8221;0px&#8221;][et_pb_column type=&#8221;4_4&#8243; _builder_version=&#8221;3.25&#8243; custom_padding=&#8221;|||&#8221; custom_padding__hover=&#8221;|||&#8221;][et_pb_text admin_label=&#8221;Titulo &#8211; h2 &#8211; Polit\u00edca de Privacidade&#8221; _builder_version=&#8221;3.24.1&#8243; text_line_height=&#8221;1.4em&#8221; header_font=&#8221;||||||||&#8221; header_2_font=&#8221;Gill Sans MT|700||on|||||&#8221; header_2_text_align=&#8221;left&#8221; header_2_font_size=&#8221;30px&#8221; width_last_edited=&#8221;off|tablet&#8221; header_2_font_size_tablet=&#8221;26px&#8221; header_2_font_size_phone=&#8221;&#8221; header_2_font_size_last_edited=&#8221;on|tablet&#8221; z_index_tablet=&#8221;500&#8243; text_text_shadow_horizontal_length_tablet=&#8221;0px&#8221; text_text_shadow_vertical_length_tablet=&#8221;0px&#8221; text_text_shadow_blur_strength_tablet=&#8221;1px&#8221; link_text_shadow_horizontal_length_tablet=&#8221;0px&#8221; link_text_shadow_vertical_length_tablet=&#8221;0px&#8221; link_text_shadow_blur_strength_tablet=&#8221;1px&#8221; ul_text_shadow_horizontal_length_tablet=&#8221;0px&#8221; ul_text_shadow_vertical_length_tablet=&#8221;0px&#8221; ul_text_shadow_blur_strength_tablet=&#8221;1px&#8221; ol_text_shadow_horizontal_length_tablet=&#8221;0px&#8221; ol_text_shadow_vertical_length_tablet=&#8221;0px&#8221; ol_text_shadow_blur_strength_tablet=&#8221;1px&#8221; quote_text_shadow_horizontal_length_tablet=&#8221;0px&#8221; quote_text_shadow_vertical_length_tablet=&#8221;0px&#8221; quote_text_shadow_blur_strength_tablet=&#8221;1px&#8221; header_text_shadow_horizontal_length_tablet=&#8221;0px&#8221; header_text_shadow_vertical_length_tablet=&#8221;0px&#8221; header_text_shadow_blur_strength_tablet=&#8221;1px&#8221; header_2_text_shadow_horizontal_length_tablet=&#8221;0px&#8221; header_2_text_shadow_vertical_length_tablet=&#8221;0px&#8221; header_2_text_shadow_blur_strength_tablet=&#8221;1px&#8221; header_3_text_shadow_horizontal_length_tablet=&#8221;0px&#8221; header_3_text_shadow_vertical_length_tablet=&#8221;0px&#8221; header_3_text_shadow_blur_strength_tablet=&#8221;1px&#8221; header_4_text_shadow_horizontal_length_tablet=&#8221;0px&#8221; header_4_text_shadow_vertical_length_tablet=&#8221;0px&#8221; header_4_text_shadow_blur_strength_tablet=&#8221;1px&#8221; header_5_text_shadow_horizontal_length_tablet=&#8221;0px&#8221; header_5_text_shadow_vertical_length_tablet=&#8221;0px&#8221; header_5_text_shadow_blur_strength_tablet=&#8221;1px&#8221; header_6_text_shadow_horizontal_length_tablet=&#8221;0px&#8221; header_6_text_shadow_vertical_length_tablet=&#8221;0px&#8221; header_6_text_shadow_blur_strength_tablet=&#8221;1px&#8221; box_shadow_horizontal_tablet=&#8221;0px&#8221; box_shadow_vertical_tablet=&#8221;0px&#8221; box_shadow_blur_tablet=&#8221;40px&#8221; box_shadow_spread_tablet=&#8221;0px&#8221; text_text_align=&#8221;left&#8221;]<\/p>\n<h2>Polit\u00edca de Privacidade<\/h2>\n<p>&nbsp;<\/p>\n<p style=\"text-align: justify;\"><strong>Pol\u00edtica de Privacidade e Pol\u00edtica de Cookies<\/strong><\/p>\n<p style=\"text-align: justify;\">Esta Pol\u00edtica de Privacidade regula o tratamento dos dados pessoais dos utilizadores (doravante \u201c<strong>Utilizador<\/strong>\u201d ou \u201c<strong>Utilizadores<\/strong>\u201d), recolhidos no \u00e2mbito da utiliza\u00e7\u00e3o do website <strong>www.mb-advogados.pt<\/strong> (doravante \u201cSite\u201d), pela parceria Marques|Barradas Advogados, dos advogados Jo\u00e3o Paulo Marques e Hugo Ricardo Barradas enquanto entidade respons\u00e1veis pelo seu tratamento.<\/p>\n<p style=\"text-align: justify;\">A disponibiliza\u00e7\u00e3o dos seus dados pessoais implica o conhecimento e aceita\u00e7\u00e3o das condi\u00e7\u00f5es constantes desta Pol\u00edtica de Privacidade.<\/p>\n<p style=\"text-align: justify;\">A presente Pol\u00edtica de Privacidade \u00e9 complementada pelos <a href=\"https:\/\/www.vda.pt\/pt\/termos-de-utilizacao\/\">Terms of Use<\/a>.<\/p>\n<p style=\"text-align: justify;\">O Utilizador encontra informa\u00e7\u00e3o detalhada relativa \u00e0 Pol\u00edtica de Privacidade e Pol\u00edtica de Cookies nos pontos seguintes:<\/p>\n<ol style=\"text-align: justify;\">\n<li><strong>Recolha e tratamento de dados pessoais<\/strong><\/li>\n<li><strong>Direitos do utilizador<\/strong><\/li>\n<li><strong>Conserva\u00e7\u00e3o dos dados pessoais<\/strong><\/li>\n<li><strong>Em que circunst\u00e2ncias existe comunica\u00e7\u00e3o de dados a outras entidades?<\/strong><\/li>\n<li><strong>Seguran\u00e7a<\/strong><\/li>\n<li><strong>Cookies<\/strong><\/li>\n<li><strong>Links para sites de terceiros<\/strong><\/li>\n<li><strong>Quest\u00f5es e sugest\u00f5es<\/strong><\/li>\n<li><strong>Altera\u00e7\u00f5es \u00e0 pol\u00edtica de privacidade e pol\u00edtica de cookies<\/strong><\/li>\n<\/ol>\n<p style=\"text-align: justify;\"><strong>\u00a0<\/strong><\/p>\n<ol style=\"text-align: justify;\">\n<li><strong>Recolha e tratamento de dados pessoais<\/strong><\/li>\n<\/ol>\n<p style=\"text-align: justify;\">O acesso e utiliza\u00e7\u00e3o do Site n\u00e3o implicam a disponibiliza\u00e7\u00e3o de dados pessoais pelo Utilizador.\u00a0Contudo, a realiza\u00e7\u00e3o de pedido de contacto atrav\u00e9s do Site implica a disponibiliza\u00e7\u00e3o de dados pessoais pelo Utilizador.<\/p>\n<p style=\"text-align: justify;\">Tais dados ser\u00e3o tratados exclusivamente para o pedido de contacto mediante o seu consentimento, para gerir o contacto estabelecido e prestar esclarecimentos e informa\u00e7\u00f5es solicitadas pelo Utilizador;<\/p>\n<ol start=\"2\" style=\"text-align: justify;\">\n<li><strong>Direitos do utilizador<\/strong><\/li>\n<\/ol>\n<p style=\"text-align: justify;\">Nos termos da legisla\u00e7\u00e3o aplic\u00e1vel, o Utilizador poder\u00e1 solicitar, a todo o tempo, o acesso aos dados pessoais que lhe digam respeito, bem como a sua retifica\u00e7\u00e3o, elimina\u00e7\u00e3o, limita\u00e7\u00e3o do seu tratamento, a portabilidade dos seus dados, ou opor-se ao seu tratamento.<\/p>\n<p style=\"text-align: justify;\">Nos termos da lei, \u00e9 ainda garantido ao Utilizador o direito de, atrav\u00e9s dos referidos meios, retirar o seu consentimento para o tratamento dos dados para as finalidades indicadas, n\u00e3o invalidando, no entanto, o tratamento efetuado at\u00e9 essa data com base no consentimento previamente dado.<\/p>\n<p style=\"text-align: justify;\">Para o exerc\u00edcio de qualquer um dos direitos acima referidos, o Utilizador dever\u00e1 submeter um pedido escrito para os seguintes contactos:<\/p>\n<ul style=\"text-align: justify;\">\n<li>E-mail: <a href=\"mailto:mb@mb-advogados.pt\">mb@mb-advogados.pt<\/a><\/li>\n<li>Morada: Rua 31 de Janeiro, n.\u00ba 75, 2.\u00ba-B, 9050-401 Funchal<\/li>\n<\/ul>\n<ol start=\"3\" style=\"text-align: justify;\">\n<li><strong>Conserva\u00e7\u00e3o dos dados pessoais<\/strong><\/li>\n<\/ol>\n<p style=\"text-align: justify;\">Os dados pessoais recolhidos s\u00e3o tratados no estrito cumprimento da legisla\u00e7\u00e3o aplic\u00e1vel. Os dados pessoais ser\u00e3o conservados de acordo com as respetivas finalidades e respeitando os prazos legais aplic\u00e1veis. Assim, e sempre que n\u00e3o exista uma exig\u00eancia legal espec\u00edfica, os dados ser\u00e3o armazenados e conservados apenas pelo per\u00edodo adequado e na medida do necess\u00e1rio ao \u00e2mbito das finalidades para as quais foram recolhidos, exceto se for exercido, dentro dos limites legais, o direito de oposi\u00e7\u00e3o, direito ao apagamento ou caso retire o consentimento.<\/p>\n<ol start=\"4\" style=\"text-align: justify;\">\n<li><strong>Em que circunst\u00e2ncias existe comunica\u00e7\u00e3o de dados a outras entidades?<\/strong><\/li>\n<\/ol>\n<p style=\"text-align: justify;\">A Marques|Barradas Advogados poder\u00e1 transmitir os seus dados pessoais \u00e0 luz da lei aplic\u00e1vel, no cumprimento de obriga\u00e7\u00f5es legais\/ordens judiciais, de delibera\u00e7\u00f5es ou decis\u00f5es das autoridades de controlo ou para responder a solicita\u00e7\u00f5es de autoridades p\u00fablicas ou governamentais.<\/p>\n<p style=\"text-align: justify;\">Em qualquer das situa\u00e7\u00f5es acima mencionadas, a Marques|Barradas Advogados tomar\u00e1 todas as medidas adequadas para garantir a prote\u00e7\u00e3o efetiva dos dados pessoais.<\/p>\n<ol start=\"5\" style=\"text-align: justify;\">\n<li><strong> Seguran\u00e7a<\/strong><\/li>\n<\/ol>\n<p style=\"text-align: justify;\">A Marques|Barradas Advogados desenvolve os seus melhores esfor\u00e7os para proteger os dados pessoais dos Utilizadores contra acessos n\u00e3o autorizados. Para o efeito utiliza sistemas de seguran\u00e7a, regras e outros procedimentos, de modo a garantir a prote\u00e7\u00e3o dos dados pessoais, bem como para prevenir o acesso n\u00e3o autorizado aos dados, o uso impr\u00f3prio, a sua divulga\u00e7\u00e3o, perda ou destrui\u00e7\u00e3o.<\/p>\n<p style=\"text-align: justify;\">\u00c9, no entanto, da responsabilidade dos Utilizadores, garantir e assegurar que os dispositivos e equipamentos utilizados para aceder ao Site se encontram adequadamente protegidos contra softwares nocivos, v\u00edrus inform\u00e1ticos e worms.<\/p>\n<ol start=\"6\" style=\"text-align: justify;\">\n<li><strong>Cookies<\/strong><\/li>\n<\/ol>\n<p style=\"text-align: justify;\">Os &#8220;<em>cookies<\/em>&#8221; s\u00e3o pequenos arquivos de texto que identificam o computador do Utilizador no servidor da Marques|Barradas Advogados. Os cookies em si n\u00e3o identificam o utilizador individual, apenas o computador utilizado. Os cookies n\u00e3o s\u00e3o usados para recolher dados pessoais.<\/p>\n<p style=\"text-align: justify;\">Todos os browsers permitem ao Utilizador aceitar, recusar ou apagar cookies, nomeadamente atrav\u00e9s da sele\u00e7\u00e3o das defini\u00e7\u00f5es apropriadas no respetivo navegador. O Utilizador pode configurar os cookies no menu &#8220;op\u00e7\u00f5es&#8221; ou &#8220;prefer\u00eancias&#8221; do browser.<\/p>\n<ol start=\"7\" style=\"text-align: justify;\">\n<li><strong>Links para sites de terceiros<\/strong><\/li>\n<\/ol>\n<p style=\"text-align: justify;\">Os links constantes deste Site podem conduzir a outros sites. A Marques|Barradas Advogados n\u00e3o se responsabiliza, aprova ou por qualquer forma apoia ou subscreve o conte\u00fado desses sites, nem dos sites com eles ligados ou neles referidos.<\/p>\n<p style=\"text-align: justify;\">A Marques|Barradas Advogados n\u00e3o se responsabiliza por danos resultantes de v\u00edrus que possam infetar o computador ou a rede do Utilizador, ou outros bens, em virtude do acesso ao site com transfer\u00eancia de conte\u00fados deste para o computador ou rede do Utilizador.<\/p>\n<ol start=\"8\" style=\"text-align: justify;\">\n<li><strong>Quest\u00f5es e sugest\u00f5es<\/strong><\/li>\n<\/ol>\n<p style=\"text-align: justify;\">O Utilizador poder\u00e1 contactar a Marques|Barradas Advogados sobre todas as quest\u00f5es relacionadas com o tratamento dos seus dados pessoais e com o exerc\u00edcio dos direitos que lhe s\u00e3o conferidos pela legisla\u00e7\u00e3o aplic\u00e1vel e, em especial, referidos na presente Pol\u00edtica, atrav\u00e9s dos seguintes contactos:<\/p>\n<ul style=\"text-align: justify;\">\n<li>E-mail: <a href=\"mailto:mb@mb-advogados.pt\">mb@mb-advogados.pt<\/a><\/li>\n<li>Morada: Rua 31 de Janeiro, n.\u00ba 75, 2.\u00ba-B, 9050-401 Funchal<\/li>\n<\/ul>\n<ol start=\"9\" style=\"text-align: justify;\">\n<li><strong>Altera\u00e7\u00f5es \u00e0 pol\u00edtica de privacidade e pol\u00edtica de cookies<\/strong><\/li>\n<\/ol>\n<p style=\"text-align: justify;\">A Marques|Barradas Advogados reserva-se o direito de, a todo o momento, alterar os presentes termos de tratamento de dados pessoais.<\/p>\n<p>[\/et_pb_text][\/et_pb_column][\/et_pb_row][\/et_pb_section]<\/p>","protected":false},"excerpt":{"rendered":"<p>[et_pb_section fb_built=&#8221;1&#8243; _builder_version=&#8221;3.24.1&#8243; background_color=&#8221;#f7f7f7&#8243; z_index_tablet=&#8221;500&#8243; box_shadow_horizontal_tablet=&#8221;0px&#8221; box_shadow_vertical_tablet=&#8221;0px&#8221; box_shadow_blur_tablet=&#8221;40px&#8221; box_shadow_spread_tablet=&#8221;0px&#8221;][et_pb_row _builder_version=&#8221;3.25&#8243; custom_padding=&#8221;||0px|&#8221; z_index_tablet=&#8221;500&#8243; box_shadow_horizontal_tablet=&#8221;0px&#8221; box_shadow_vertical_tablet=&#8221;0px&#8221; box_shadow_blur_tablet=&#8221;40px&#8221; box_shadow_spread_tablet=&#8221;0px&#8221;][et_pb_column type=&#8221;4_4&#8243; _builder_version=&#8221;3.25&#8243; custom_padding=&#8221;|||&#8221; custom_padding__hover=&#8221;|||&#8221;][et_pb_text admin_label=&#8221;Titulo &#8211; h2 &#8211; Polit\u00edca de Privacidade&#8221; _builder_version=&#8221;3.24.1&#8243; text_line_height=&#8221;1.4em&#8221; header_font=&#8221;||||||||&#8221; header_2_font=&#8221;Gill Sans MT|700||on|||||&#8221; header_2_text_align=&#8221;left&#8221; header_2_font_size=&#8221;30px&#8221; width_last_edited=&#8221;off|tablet&#8221; header_2_font_size_tablet=&#8221;26px&#8221; header_2_font_size_phone=&#8221;&#8221; header_2_font_size_last_edited=&#8221;on|tablet&#8221; z_index_tablet=&#8221;500&#8243; text_text_shadow_horizontal_length_tablet=&#8221;0px&#8221; text_text_shadow_vertical_length_tablet=&#8221;0px&#8221; text_text_shadow_blur_strength_tablet=&#8221;1px&#8221; link_text_shadow_horizontal_length_tablet=&#8221;0px&#8221; link_text_shadow_vertical_length_tablet=&#8221;0px&#8221; link_text_shadow_blur_strength_tablet=&#8221;1px&#8221; ul_text_shadow_horizontal_length_tablet=&#8221;0px&#8221; ul_text_shadow_vertical_length_tablet=&#8221;0px&#8221; ul_text_shadow_blur_strength_tablet=&#8221;1px&#8221; ol_text_shadow_horizontal_length_tablet=&#8221;0px&#8221; ol_text_shadow_vertical_length_tablet=&#8221;0px&#8221; ol_text_shadow_blur_strength_tablet=&#8221;1px&#8221; quote_text_shadow_horizontal_length_tablet=&#8221;0px&#8221; quote_text_shadow_vertical_length_tablet=&#8221;0px&#8221; quote_text_shadow_blur_strength_tablet=&#8221;1px&#8221; [&hellip;]<\/p>","protected":false},"author":1,"featured_media":0,"parent":0,"menu_order":0,"comment_status":"closed","ping_status":"closed","template":"","meta":{"_et_pb_use_builder":"on","_et_pb_old_content":"","_et_gb_content_width":"","footnotes":""},"class_list":["post-253","page","type-page","status-publish","hentry"],"yoast_head":"<!-- This site is optimized with the Yoast SEO plugin v24.1 - https:\/\/yoast.com\/wordpress\/plugins\/seo\/ -->\n<title>Polit\u00edca de Privacidade - M|B Advogados<\/title>\n<meta name=\"robots\" content=\"index, follow, max-snippet:-1, max-image-preview:large, max-video-preview:-1\" \/>\n<link rel=\"canonical\" href=\"https:\/\/mb-advogados.pt\/en\/politica-de-privacidade\/\" \/>\n<meta property=\"og:locale\" content=\"en_GB\" \/>\n<meta property=\"og:type\" content=\"article\" \/>\n<meta property=\"og:title\" content=\"Polit\u00edca de Privacidade - M|B Advogados\" \/>\n<meta property=\"og:description\" content=\"[et_pb_section fb_built=&#8221;1&#8243; _builder_version=&#8221;3.24.1&#8243; background_color=&#8221;#f7f7f7&#8243; z_index_tablet=&#8221;500&#8243; box_shadow_horizontal_tablet=&#8221;0px&#8221; box_shadow_vertical_tablet=&#8221;0px&#8221; box_shadow_blur_tablet=&#8221;40px&#8221; box_shadow_spread_tablet=&#8221;0px&#8221;][et_pb_row _builder_version=&#8221;3.25&#8243; custom_padding=&#8221;||0px|&#8221; z_index_tablet=&#8221;500&#8243; box_shadow_horizontal_tablet=&#8221;0px&#8221; box_shadow_vertical_tablet=&#8221;0px&#8221; box_shadow_blur_tablet=&#8221;40px&#8221; box_shadow_spread_tablet=&#8221;0px&#8221;][et_pb_column type=&#8221;4_4&#8243; _builder_version=&#8221;3.25&#8243; custom_padding=&#8221;|||&#8221; custom_padding__hover=&#8221;|||&#8221;][et_pb_text admin_label=&#8221;Titulo &#8211; h2 &#8211; Polit\u00edca de Privacidade&#8221; _builder_version=&#8221;3.24.1&#8243; text_line_height=&#8221;1.4em&#8221; header_font=&#8221;||||||||&#8221; header_2_font=&#8221;Gill Sans MT|700||on|||||&#8221; header_2_text_align=&#8221;left&#8221; header_2_font_size=&#8221;30px&#8221; width_last_edited=&#8221;off|tablet&#8221; header_2_font_size_tablet=&#8221;26px&#8221; header_2_font_size_phone=&#8221;&#8221; header_2_font_size_last_edited=&#8221;on|tablet&#8221; z_index_tablet=&#8221;500&#8243; text_text_shadow_horizontal_length_tablet=&#8221;0px&#8221; text_text_shadow_vertical_length_tablet=&#8221;0px&#8221; text_text_shadow_blur_strength_tablet=&#8221;1px&#8221; link_text_shadow_horizontal_length_tablet=&#8221;0px&#8221; link_text_shadow_vertical_length_tablet=&#8221;0px&#8221; link_text_shadow_blur_strength_tablet=&#8221;1px&#8221; ul_text_shadow_horizontal_length_tablet=&#8221;0px&#8221; ul_text_shadow_vertical_length_tablet=&#8221;0px&#8221; ul_text_shadow_blur_strength_tablet=&#8221;1px&#8221; ol_text_shadow_horizontal_length_tablet=&#8221;0px&#8221; ol_text_shadow_vertical_length_tablet=&#8221;0px&#8221; ol_text_shadow_blur_strength_tablet=&#8221;1px&#8221; quote_text_shadow_horizontal_length_tablet=&#8221;0px&#8221; quote_text_shadow_vertical_length_tablet=&#8221;0px&#8221; quote_text_shadow_blur_strength_tablet=&#8221;1px&#8221; [&hellip;]\" \/>\n<meta property=\"og:url\" content=\"https:\/\/mb-advogados.pt\/en\/politica-de-privacidade\/\" \/>\n<meta property=\"og:site_name\" content=\"M|B Advogados\" \/>\n<meta property=\"article:publisher\" content=\"https:\/\/www.facebook.com\/marquesbarradasadv\" \/>\n<meta property=\"article:modified_time\" content=\"2020-05-16T09:46:15+00:00\" \/>\n<meta name=\"twitter:card\" content=\"summary_large_image\" \/>\n<meta name=\"twitter:label1\" content=\"Estimated reading time\" \/>\n\t<meta name=\"twitter:data1\" content=\"7 minutes\" \/>\n<script type=\"application\/ld+json\" class=\"yoast-schema-graph\">{\"@context\":\"https:\/\/schema.org\",\"@graph\":[{\"@type\":\"WebPage\",\"@id\":\"https:\/\/mb-advogados.pt\/politica-de-privacidade\/\",\"url\":\"https:\/\/mb-advogados.pt\/politica-de-privacidade\/\",\"name\":\"Polit\u00edca de Privacidade - M|B Advogados\",\"isPartOf\":{\"@id\":\"https:\/\/mb-advogados.pt\/#website\"},\"datePublished\":\"2019-06-21T12:07:20+00:00\",\"dateModified\":\"2020-05-16T09:46:15+00:00\",\"breadcrumb\":{\"@id\":\"https:\/\/mb-advogados.pt\/politica-de-privacidade\/#breadcrumb\"},\"inLanguage\":\"en-GB\",\"potentialAction\":[{\"@type\":\"ReadAction\",\"target\":[\"https:\/\/mb-advogados.pt\/politica-de-privacidade\/\"]}]},{\"@type\":\"BreadcrumbList\",\"@id\":\"https:\/\/mb-advogados.pt\/politica-de-privacidade\/#breadcrumb\",\"itemListElement\":[{\"@type\":\"ListItem\",\"position\":1,\"name\":\"In\u00edcio\",\"item\":\"https:\/\/mb-advogados.pt\/\"},{\"@type\":\"ListItem\",\"position\":2,\"name\":\"Polit\u00edca de Privacidade\"}]},{\"@type\":\"WebSite\",\"@id\":\"https:\/\/mb-advogados.pt\/#website\",\"url\":\"https:\/\/mb-advogados.pt\/\",\"name\":\"M|B Advogados\",\"description\":\"Escrit\u00f3rio de Advogados no Funchal\",\"potentialAction\":[{\"@type\":\"SearchAction\",\"target\":{\"@type\":\"EntryPoint\",\"urlTemplate\":\"https:\/\/mb-advogados.pt\/?s={search_term_string}\"},\"query-input\":{\"@type\":\"PropertyValueSpecification\",\"valueRequired\":true,\"valueName\":\"search_term_string\"}}],\"inLanguage\":\"en-GB\"}]}<\/script>\n<!-- \/ Yoast SEO plugin. -->","yoast_head_json":{"title":"Polit\u00edca de Privacidade - M|B Advogados","robots":{"index":"index","follow":"follow","max-snippet":"max-snippet:-1","max-image-preview":"max-image-preview:large","max-video-preview":"max-video-preview:-1"},"canonical":"https:\/\/mb-advogados.pt\/en\/politica-de-privacidade\/","og_locale":"en_GB","og_type":"article","og_title":"Polit\u00edca de Privacidade - M|B Advogados","og_description":"[et_pb_section fb_built=&#8221;1&#8243; _builder_version=&#8221;3.24.1&#8243; background_color=&#8221;#f7f7f7&#8243; z_index_tablet=&#8221;500&#8243; box_shadow_horizontal_tablet=&#8221;0px&#8221; box_shadow_vertical_tablet=&#8221;0px&#8221; box_shadow_blur_tablet=&#8221;40px&#8221; box_shadow_spread_tablet=&#8221;0px&#8221;][et_pb_row _builder_version=&#8221;3.25&#8243; custom_padding=&#8221;||0px|&#8221; z_index_tablet=&#8221;500&#8243; box_shadow_horizontal_tablet=&#8221;0px&#8221; box_shadow_vertical_tablet=&#8221;0px&#8221; box_shadow_blur_tablet=&#8221;40px&#8221; box_shadow_spread_tablet=&#8221;0px&#8221;][et_pb_column type=&#8221;4_4&#8243; _builder_version=&#8221;3.25&#8243; custom_padding=&#8221;|||&#8221; custom_padding__hover=&#8221;|||&#8221;][et_pb_text admin_label=&#8221;Titulo &#8211; h2 &#8211; Polit\u00edca de Privacidade&#8221; _builder_version=&#8221;3.24.1&#8243; text_line_height=&#8221;1.4em&#8221; header_font=&#8221;||||||||&#8221; header_2_font=&#8221;Gill Sans MT|700||on|||||&#8221; header_2_text_align=&#8221;left&#8221; header_2_font_size=&#8221;30px&#8221; width_last_edited=&#8221;off|tablet&#8221; header_2_font_size_tablet=&#8221;26px&#8221; header_2_font_size_phone=&#8221;&#8221; header_2_font_size_last_edited=&#8221;on|tablet&#8221; z_index_tablet=&#8221;500&#8243; text_text_shadow_horizontal_length_tablet=&#8221;0px&#8221; text_text_shadow_vertical_length_tablet=&#8221;0px&#8221; text_text_shadow_blur_strength_tablet=&#8221;1px&#8221; link_text_shadow_horizontal_length_tablet=&#8221;0px&#8221; link_text_shadow_vertical_length_tablet=&#8221;0px&#8221; link_text_shadow_blur_strength_tablet=&#8221;1px&#8221; ul_text_shadow_horizontal_length_tablet=&#8221;0px&#8221; ul_text_shadow_vertical_length_tablet=&#8221;0px&#8221; ul_text_shadow_blur_strength_tablet=&#8221;1px&#8221; ol_text_shadow_horizontal_length_tablet=&#8221;0px&#8221; ol_text_shadow_vertical_length_tablet=&#8221;0px&#8221; ol_text_shadow_blur_strength_tablet=&#8221;1px&#8221; quote_text_shadow_horizontal_length_tablet=&#8221;0px&#8221; quote_text_shadow_vertical_length_tablet=&#8221;0px&#8221; quote_text_shadow_blur_strength_tablet=&#8221;1px&#8221; [&hellip;]","og_url":"https:\/\/mb-advogados.pt\/en\/politica-de-privacidade\/","og_site_name":"M|B Advogados","article_publisher":"https:\/\/www.facebook.com\/marquesbarradasadv","article_modified_time":"2020-05-16T09:46:15+00:00","twitter_card":"summary_large_image","twitter_misc":{"Estimated reading time":"7 minutes"},"schema":{"@context":"https:\/\/schema.org","@graph":[{"@type":"WebPage","@id":"https:\/\/mb-advogados.pt\/politica-de-privacidade\/","url":"https:\/\/mb-advogados.pt\/politica-de-privacidade\/","name":"Polit\u00edca de Privacidade - M|B Advogados","isPartOf":{"@id":"https:\/\/mb-advogados.pt\/#website"},"datePublished":"2019-06-21T12:07:20+00:00","dateModified":"2020-05-16T09:46:15+00:00","breadcrumb":{"@id":"https:\/\/mb-advogados.pt\/politica-de-privacidade\/#breadcrumb"},"inLanguage":"en-GB","potentialAction":[{"@type":"ReadAction","target":["https:\/\/mb-advogados.pt\/politica-de-privacidade\/"]}]},{"@type":"BreadcrumbList","@id":"https:\/\/mb-advogados.pt\/politica-de-privacidade\/#breadcrumb","itemListElement":[{"@type":"ListItem","position":1,"name":"In\u00edcio","item":"https:\/\/mb-advogados.pt\/"},{"@type":"ListItem","position":2,"name":"Polit\u00edca de Privacidade"}]},{"@type":"WebSite","@id":"https:\/\/mb-advogados.pt\/#website","url":"https:\/\/mb-advogados.pt\/","name":"M|B Advogados","description":"Escrit\u00f3rio de Advogados no Funchal","potentialAction":[{"@type":"SearchAction","target":{"@type":"EntryPoint","urlTemplate":"https:\/\/mb-advogados.pt\/?s={search_term_string}"},"query-input":{"@type":"PropertyValueSpecification","valueRequired":true,"valueName":"search_term_string"}}],"inLanguage":"en-GB"}]}},"jetpack_sharing_enabled":true,"_links":{"self":[{"href":"https:\/\/mb-advogados.pt\/en\/wp-json\/wp\/v2\/pages\/253","targetHints":{"allow":["GET"]}}],"collection":[{"href":"https:\/\/mb-advogados.pt\/en\/wp-json\/wp\/v2\/pages"}],"about":[{"href":"https:\/\/mb-advogados.pt\/en\/wp-json\/wp\/v2\/types\/page"}],"author":[{"embeddable":true,"href":"https:\/\/mb-advogados.pt\/en\/wp-json\/wp\/v2\/users\/1"}],"replies":[{"embeddable":true,"href":"https:\/\/mb-advogados.pt\/en\/wp-json\/wp\/v2\/comments?post=253"}],"version-history":[{"count":1,"href":"https:\/\/mb-advogados.pt\/en\/wp-json\/wp\/v2\/pages\/253\/revisions"}],"predecessor-version":[{"id":909,"href":"https:\/\/mb-advogados.pt\/en\/wp-json\/wp\/v2\/pages\/253\/revisions\/909"}],"wp:attachment":[{"href":"https:\/\/mb-advogados.pt\/en\/wp-json\/wp\/v2\/media?parent=253"}],"curies":[{"name":"wp","href":"https:\/\/api.w.org\/{rel}","templated":true}]}}